{"id":3169,"date":"2021-01-12T08:14:18","date_gmt":"2021-01-12T07:14:18","guid":{"rendered":"http:\/\/clapat-themes.com\/wordpress\/rayden\/?page_id=3169"},"modified":"2022-05-24T15:07:27","modified_gmt":"2022-05-24T13:07:27","slug":"about-us","status":"publish","type":"page","link":"https:\/\/ino-100.com\/index.php\/about-us\/","title":{"rendered":"About Us"},"content":{"rendered":"\n<div class=\"wp-block-rayden-gutenberg-container row_padding_bottom small\" style=\"background-color:transparent;text-align:left\">\n<div class=\"wp-block-columns is-layout-flex wp-container-core-columns-is-layout-1 wp-block-columns-is-layout-flex\">\n<div class=\"wp-block-column is-layout-flow wp-block-column-is-layout-flow\" style=\"flex-basis:100%\"><\/div>\n\n\n\n<div class=\"wp-block-column is-layout-flow wp-block-column-is-layout-flow\" style=\"flex-basis:100%\">\n<figure class=\"disable-drag has-animation \"><a class=\"image-link\" href=\"https:\/\/ino-100.com\/wp-content\/uploads\/2022\/02\/logo-site.png\"><img decoding=\"async\" src=\"https:\/\/ino-100.com\/wp-content\/uploads\/2022\/02\/logo-site.png\" alt=\"\" \/><\/a><figcaption><\/figcaption><\/figure>\n<\/div>\n\n\n\n<div class=\"wp-block-column is-layout-flow wp-block-column-is-layout-flow\" style=\"flex-basis:100%\"><\/div>\n<\/div>\n\n\n\n<div style=\"height:109px\" aria-hidden=\"true\" class=\"wp-block-spacer\"><\/div>\n\n\n\n<h2 class=\"has-text-align-center has-mask wp-block-heading\" id=\"nous-somme-une-societe-de-creation-d-audio-et-visuel-qui-ce-developpe-dans-plusieurs-domaines-touchant-a-l-audio-au-visuel-et-au-web\">Nous somme une soci\u00e9t\u00e9 de cr\u00e9ation d&#8217;audio et de visuel, qui ce d\u00e9veloppe dans plusieurs domaines touchant \u00e0 l&#8217;audio, au visuel et au Web.  <\/h2>\n<\/div>\n\n\n\n<div class=\"wp-block-rayden-gutenberg-container\" style=\"background-color:#f2f2f2;text-align:left\">\n<div class=\"wp-block-rayden-gutenberg-container\" style=\"background-color:#f2f2f2;text-align:left\">\n<div class=\"wp-block-rayden-gutenberg-half-background-container row-half-color half-dark-section undefined first\" data-bgcolor=\"transparent\">\n<p><\/p>\n<\/div>\n\n\n\n<div class=\"wp-block-rayden-gutenberg-half-background-container row-half-color half-white-section undefined second change-header-color\" data-bgcolor=\"#ffffff\">\n<p><\/p>\n<\/div>\n<\/div>\n<\/div>\n\n\n\n<div class=\"wp-block-rayden-gutenberg-container full\" style=\"background-color:#ffffff;text-align:left\">\n<div class=\"wp-block-rayden-gutenberg-container white-section change-header-color row_padding_top row_padding_bottom\" style=\"background-color:transparent;text-align:left\">\n<h5 class=\"has-mask primary-color secondary-font wp-block-heading\" id=\"nos-victoires\">Nos Victoires<\/h5>\n\n\n\n<h2 class=\"has-mask wp-block-heading\" id=\"les-moments-clef-de-la-societe\">Les moments clef de la soci\u00e9t\u00e9 <\/h2>\n\n\n\n<div style=\"height:100px\" aria-hidden=\"true\" class=\"wp-block-spacer\"><\/div>\n\n\n\n<div class=\"wp-block-columns is-layout-flex wp-container-core-columns-is-layout-2 wp-block-columns-is-layout-flex\">\n<div class=\"wp-block-column is-layout-flow wp-block-column-is-layout-flow\">\n<p class=\"has-animation\">01 &#8211; Cr\u00e9ation &#8211; &#8211;\/&#8211;\/2021 <\/p>\n\n\n\n<hr class=\"white-line has-animation\">\n\n\n\n<p class=\"has-animation\">03 &#8211; 1er Marcher Publique &#8211; La valeur sens<\/p>\n\n\n\n<hr class=\"white-line has-animation\">\n\n\n\n<p class=\"has-animation\">05 &#8211; 1er client r\u00e9gulier &#8211; Atipik <\/p>\n\n\n\n<hr class=\"white-line has-animation\">\n<\/div>\n\n\n\n<div class=\"wp-block-column is-layout-flow wp-block-column-is-layout-flow\">\n<p class=\"has-animation\">02 &#8211; 1er Gros Clients &#8211; Tipiti<\/p>\n\n\n\n<hr class=\"white-line has-animation\">\n\n\n\n<p class=\"has-animation\">04 &#8211; 1er Marcher International &#8211; Villa Mediterranea<\/p>\n\n\n\n<hr class=\"white-line has-animation\">\n\n\n\n<p class=\"has-animation\">06 &#8211; A venir &#8211; &#8230;<\/p>\n\n\n\n<hr class=\"white-line has-animation\">\n<\/div>\n<\/div>\n<\/div>\n<\/div>\n\n\n\n<div class=\"wp-block-rayden-gutenberg-container\" style=\"background-color:transparent;text-align:left\">\n<div class=\"wp-block-rayden-gutenberg-container row_padding_top row_padding_bottom\" style=\"background-color:transparent;text-align:left\">\n<div class=\"wp-block-columns is-layout-flex wp-container-core-columns-is-layout-3 wp-block-columns-is-layout-flex\">\n<div class=\"wp-block-column is-layout-flow wp-block-column-is-layout-flow\">\n<h5 class=\"has-mask primary-color secondary-font wp-block-heading\" id=\"nos-services\">Nos Services<\/h5>\n\n\n\n<h1 class=\"has-mask wp-block-heading\" id=\"nous-pouvons-vous-aider-sur-plusieurs-sujets\">Nous pouvons vous aider sur plusieurs sujets :<\/h1>\n<\/div>\n\n\n\n<div class=\"wp-block-column is-layout-flow wp-block-column-is-layout-flow\">\n<div style=\"height:125px\" aria-hidden=\"true\" class=\"wp-block-spacer\"><\/div>\n\n\n\n<div class=\"button-wrap right disable-drag has-animation\" data-delay=\"350\"><div class=\"icon-wrap parallax-wrap\"><div class=\"button-icon parallax-element\"><i class=\"fa fa-angle-right\"><\/i><\/div><\/div><a target=\"_blank\" href=\"http:\/\/ino-100.com\/index.php\/contact\/\"><div class=\"button-text sticky right\"><span data-hover=\"Contactez nous \">Contactez nous <\/span><\/div><\/a><\/div>\n<\/div>\n<\/div>\n\n\n\n<div style=\"height:100px\" aria-hidden=\"true\" class=\"wp-block-spacer\"><\/div>\n\n\n\n<div class=\"wp-block-columns is-layout-flex wp-container-core-columns-is-layout-13 wp-block-columns-is-layout-flex\">\n<div class=\"wp-block-column is-layout-flow wp-block-column-is-layout-flow\" style=\"flex-basis:100%\">\n<dl class=\"wp-block-rayden-gutenberg-accordion accordion undefined has-animation\">\n<dt><span>Graphismes<\/span><div class=\"acc-icon-wrap parallax-wrap\"><div class=\"acc-button-icon parallax-element\"><i class=\"fa fa-angle-down\"><\/i><\/div><\/div><\/dt><dd class=\"accordion-content\">Conceptualisation de projet &amp; d&#8217;id\u00e9e.\nCr\u00e9ation d&#8217;affiches, flyers, carte de visite, et autres mises en page de diff\u00e9rent format.\nManipulation photo\/image ( d\u00e9coupe, collage, effet, &#8230; )<\/dd>\n\n\n\n<dt><span>Logotypes &amp; Entit\u00e9s Visuels<\/span><div class=\"acc-icon-wrap parallax-wrap\"><div class=\"acc-button-icon parallax-element\"><i class=\"fa fa-angle-down\"><\/i><\/div><\/div><\/dt><dd class=\"accordion-content\">Recherche &amp; cr\u00e9ation de logotypes, de marquages typographiques &amp; d&#8217;entit\u00e9s visuel.<\/dd>\n\n\n\n<dt><span>Identit\u00e9s &amp; Concepts<\/span><div class=\"acc-icon-wrap parallax-wrap\"><div class=\"acc-button-icon parallax-element\"><i class=\"fa fa-angle-down\"><\/i><\/div><\/div><\/dt><dd class=\"accordion-content\">Design thiking &amp; Design engineering, Aborder les bon concepts pour la cr\u00e9ation et le lancement d&#8217;un projet.<\/dd>\n\n\n\n<dt><span>Web Design<\/span><div class=\"acc-icon-wrap parallax-wrap\"><div class=\"acc-button-icon parallax-element\"><i class=\"fa fa-angle-down\"><\/i><\/div><\/div><\/dt><dd class=\"accordion-content\">Conception de site web &amp; d&#8217;application.<\/dd>\n\n\n\n<dt><span>Photographies <\/span><div class=\"acc-icon-wrap parallax-wrap\"><div class=\"acc-button-icon parallax-element\"><i class=\"fa fa-angle-down\"><\/i><\/div><\/div><\/dt><dd class=\"accordion-content\">Prises de clich\u00e9s en studio, en ext\u00e9rieur, ou en lieu-dit, pour des \u00e9v\u00e9nement ou pour occasions. \nRetouche photos ( Luminosit\u00e9, contraste, teinte, niveaux, exposition &#8230; )  <\/dd>\n\n\n\n<dt><span>Impressions <\/span><div class=\"acc-icon-wrap parallax-wrap\"><div class=\"acc-button-icon parallax-element\"><i class=\"fa fa-angle-down\"><\/i><\/div><\/div><\/dt><dd class=\"accordion-content\">Impression de qualit\u00e9 sur tout genre de supports ( Papiers, Textiles, Plexi, Alu, &#8230; ), avec une grande gamme de possibilit\u00e9. <\/dd>\n\n\n\n<dt><span>Sc\u00e9nographies <\/span><div class=\"acc-icon-wrap parallax-wrap\"><div class=\"acc-button-icon parallax-element\"><i class=\"fa fa-angle-down\"><\/i><\/div><\/div><\/dt><dd class=\"accordion-content\">Conceptualisation et Mise en place de diff\u00e9rents \u00e9v\u00e8nements et expositions.<\/dd>\n\n\n\n<dt><span>Sonorisation<\/span><div class=\"acc-icon-wrap parallax-wrap\"><div class=\"acc-button-icon parallax-element\"><i class=\"fa fa-angle-down\"><\/i><\/div><\/div><\/dt><dd class=\"accordion-content\">Location de mat\u00e9riels de sonorisation ( Enceintes, sources, jeux de lumi\u00e8res, d\u00e9coration,&#8230;) Pour petits &amp; gros \u00e9v\u00e8nements.<\/dd>\n\n\n\n<dt><span>Musiques<\/span><div class=\"acc-icon-wrap parallax-wrap\"><div class=\"acc-button-icon parallax-element\"><i class=\"fa fa-angle-down\"><\/i><\/div><\/div><\/dt><dd class=\"accordion-content\">Compositions &amp; Prestations musical, \nPossibilit\u00e9 de donn\u00e9 des cours sur la composition assister par ordinateur. ( Software)  Et sur certain machines Hardware.<\/dd>\n<\/dl>\n<\/div>\n\n\n\n<div class=\"wp-block-column is-layout-flow wp-block-column-is-layout-flow\" style=\"flex-basis:100%\">\n<div style=\"height:33px\" aria-hidden=\"true\" class=\"wp-block-spacer\"><\/div>\n\n\n\n<div class=\"wp-block-columns is-layout-flex wp-container-core-columns-is-layout-4 wp-block-columns-is-layout-flex\">\n<div class=\"wp-block-column is-layout-flow wp-block-column-is-layout-flow\" style=\"flex-basis:100%\">\n<div class=\"button-wrap right disable-drag has-animation\" data-delay=\"350\"><div class=\"icon-wrap parallax-wrap\"><div class=\"button-icon parallax-element\"><i class=\"fa fa-angle-right\"><\/i><\/div><\/div><a target=\"_blank\" href=\"http:\/\/ino-100.com\/index.php\/rayden_portfolio\/graphismes\/\"><div class=\"button-text sticky right\"><span data-hover=\"En savoir plus sur le Graphismes\">En savoir plus sur le Graphismes<\/span><\/div><\/a><\/div>\n<\/div>\n<\/div>\n\n\n\n<div style=\"height:52px\" aria-hidden=\"true\" class=\"wp-block-spacer\"><\/div>\n\n\n\n<div class=\"wp-block-columns is-layout-flex wp-container-core-columns-is-layout-5 wp-block-columns-is-layout-flex\">\n<div class=\"wp-block-column is-layout-flow wp-block-column-is-layout-flow\" style=\"flex-basis:100%\">\n<div class=\"button-wrap right disable-drag has-animation\" data-delay=\"350\"><div class=\"icon-wrap parallax-wrap\"><div class=\"button-icon parallax-element\"><i class=\"fa fa-angle-right\"><\/i><\/div><\/div><a target=\"_blank\" href=\"http:\/\/ino-100.com\/index.php\/rayden_portfolio\/logo-branding\/\"><div class=\"button-text sticky right\"><span data-hover=\"En savoir plus sur Logotypes\">En savoir plus sur Logotypes<\/span><\/div><\/a><\/div>\n<\/div>\n<\/div>\n\n\n\n<div style=\"height:85px\" aria-hidden=\"true\" class=\"wp-block-spacer\"><\/div>\n\n\n\n<div class=\"wp-block-columns is-layout-flex wp-container-core-columns-is-layout-6 wp-block-columns-is-layout-flex\">\n<div class=\"wp-block-column is-layout-flow wp-block-column-is-layout-flow\" style=\"flex-basis:100%\">\n<div class=\"button-wrap right disable-drag has-animation\" data-delay=\"350\"><div class=\"icon-wrap parallax-wrap\"><div class=\"button-icon parallax-element\"><i class=\"fa fa-angle-right\"><\/i><\/div><\/div><a target=\"_blank\" href=\"http:\/\/ino-100.com\/index.php\/rayden_portfolio\/identity-concept\/\"><div class=\"button-text sticky right\"><span data-hover=\"En savoir plus sur Identit\u00e9s &amp; Concepts\">En savoir plus sur Identit\u00e9s &amp; Concepts<\/span><\/div><\/a><\/div>\n<\/div>\n<\/div>\n\n\n\n<div style=\"height:88px\" aria-hidden=\"true\" class=\"wp-block-spacer\"><\/div>\n\n\n\n<div class=\"wp-block-columns is-layout-flex wp-container-core-columns-is-layout-7 wp-block-columns-is-layout-flex\">\n<div class=\"wp-block-column is-layout-flow wp-block-column-is-layout-flow\" style=\"flex-basis:100%\">\n<div class=\"button-wrap right disable-drag has-animation\" data-delay=\"350\"><div class=\"icon-wrap parallax-wrap\"><div class=\"button-icon parallax-element\"><i class=\"fa fa-angle-right\"><\/i><\/div><\/div><a target=\"_blank\" href=\"http:\/\/ino-100.com\/index.php\/rayden_portfolio\/web-design\/\"><div class=\"button-text sticky right\"><span data-hover=\"En savoir plus sur Web Design\">En savoir plus sur Web Design<\/span><\/div><\/a><\/div>\n<\/div>\n<\/div>\n\n\n\n<div style=\"height:50px\" aria-hidden=\"true\" class=\"wp-block-spacer\"><\/div>\n\n\n\n<div class=\"wp-block-columns is-layout-flex wp-container-core-columns-is-layout-8 wp-block-columns-is-layout-flex\">\n<div class=\"wp-block-column is-layout-flow wp-block-column-is-layout-flow\" style=\"flex-basis:100%\">\n<div class=\"button-wrap right disable-drag has-animation\" data-delay=\"350\"><div class=\"icon-wrap parallax-wrap\"><div class=\"button-icon parallax-element\"><i class=\"fa fa-angle-right\"><\/i><\/div><\/div><a target=\"_blank\" href=\"http:\/\/ino-100.com\/index.php\/rayden_portfolio\/photographies-retouches\/\"><div class=\"button-text sticky right\"><span data-hover=\"En savoir plus sur Photographie\">En savoir plus sur Photographie<\/span><\/div><\/a><\/div>\n<\/div>\n<\/div>\n\n\n\n<div style=\"height:53px\" aria-hidden=\"true\" class=\"wp-block-spacer\"><\/div>\n\n\n\n<div class=\"wp-block-columns is-layout-flex wp-container-core-columns-is-layout-9 wp-block-columns-is-layout-flex\">\n<div class=\"wp-block-column is-layout-flow wp-block-column-is-layout-flow\" style=\"flex-basis:100%\">\n<div class=\"button-wrap right disable-drag has-animation\" data-delay=\"350\"><div class=\"icon-wrap parallax-wrap\"><div class=\"button-icon parallax-element\"><i class=\"fa fa-angle-right\"><\/i><\/div><\/div><a target=\"_blank\" href=\"http:\/\/ino-100.com\/index.php\/rayden_portfolio\/impressions\/\"><div class=\"button-text sticky right\"><span data-hover=\"En savoir plus sur Impression \">En savoir plus sur Impression <\/span><\/div><\/a><\/div>\n<\/div>\n<\/div>\n\n\n\n<div style=\"height:53px\" aria-hidden=\"true\" class=\"wp-block-spacer\"><\/div>\n\n\n\n<div class=\"wp-block-columns is-layout-flex wp-container-core-columns-is-layout-10 wp-block-columns-is-layout-flex\">\n<div class=\"wp-block-column is-layout-flow wp-block-column-is-layout-flow\" style=\"flex-basis:100%\">\n<div class=\"button-wrap right disable-drag has-animation\" data-delay=\"350\"><div class=\"icon-wrap parallax-wrap\"><div class=\"button-icon parallax-element\"><i class=\"fa fa-angle-right\"><\/i><\/div><\/div><a target=\"_blank\" href=\"http:\/\/ino-100.com\/index.php\/rayden_portfolio\/sceno\/\"><div class=\"button-text sticky right\"><span data-hover=\"En savoir plus sur Sc\u00e9nographie \">En savoir plus sur Sc\u00e9nographie <\/span><\/div><\/a><\/div>\n<\/div>\n<\/div>\n\n\n\n<div style=\"height:55px\" aria-hidden=\"true\" class=\"wp-block-spacer\"><\/div>\n\n\n\n<div class=\"wp-block-columns is-layout-flex wp-container-core-columns-is-layout-11 wp-block-columns-is-layout-flex\">\n<div class=\"wp-block-column is-layout-flow wp-block-column-is-layout-flow\" style=\"flex-basis:100%\">\n<div class=\"button-wrap right disable-drag has-animation\" data-delay=\"350\"><div class=\"icon-wrap parallax-wrap\"><div class=\"button-icon parallax-element\"><i class=\"fa fa-angle-right\"><\/i><\/div><\/div><a target=\"_blank\" href=\"http:\/\/ino-100.com\/index.php\/rayden_portfolio\/sonorisation\/\"><div class=\"button-text sticky right\"><span data-hover=\"En savoir plus sur Sonorisation \">En savoir plus sur Sonorisation <\/span><\/div><\/a><\/div>\n<\/div>\n<\/div>\n\n\n\n<div style=\"height:50px\" aria-hidden=\"true\" class=\"wp-block-spacer\"><\/div>\n\n\n\n<div class=\"wp-block-columns is-layout-flex wp-container-core-columns-is-layout-12 wp-block-columns-is-layout-flex\">\n<div class=\"wp-block-column is-layout-flow wp-block-column-is-layout-flow\" style=\"flex-basis:100%\">\n<div class=\"button-wrap right disable-drag has-animation\" data-delay=\"350\"><div class=\"icon-wrap parallax-wrap\"><div class=\"button-icon parallax-element\"><i class=\"fa fa-angle-right\"><\/i><\/div><\/div><a target=\"_blank\" href=\"http:\/\/ino-100.com\/index.php\/rayden_portfolio\/musique\/1\"><div class=\"button-text sticky right\"><span data-hover=\"En savoir plus sur Musique \">En savoir plus sur Musique <\/span><\/div><\/a><\/div>\n<\/div>\n<\/div>\n<\/div>\n<\/div>\n\n\n\n<div style=\"height:100px\" aria-hidden=\"true\" class=\"wp-block-spacer\"><\/div>\n<\/div>\n<\/div>\n\n\n\n<div class=\"wp-block-rayden-gutenberg-container full\" style=\"background-color:#202020;text-align:left\">\n<div class=\"wp-block-rayden-gutenberg-container row_padding_top row_padding_bottom dark-section small\" style=\"background-color:#202020;text-align:left\">\n<h5 class=\"has-text-align-center has-mask primary-color secondary-font wp-block-heading\" id=\"notre-team-partners-membres\">Notre Team, Partners &amp; Membres<\/h5>\n\n\n\n<h1 class=\"has-text-align-center has-mask wp-block-heading\" id=\"nos-partners\">Nos Partners<\/h1>\n<\/div>\n<\/div>\n\n\n\n<div class=\"wp-block-rayden-gutenberg-container\" style=\"background-color:#f2f2f2;text-align:left\">\n<div class=\"wp-block-rayden-gutenberg-container\" style=\"background-color:#f2f2f2;text-align:left\">\n<div class=\"wp-block-rayden-gutenberg-half-background-container row-half-color half-dark-section undefined first\" data-bgcolor=\"#202020\">\n<p><\/p>\n<\/div>\n\n\n\n<div class=\"wp-block-rayden-gutenberg-half-background-container row-half-color half-dark-section undefined second\" data-bgcolor=\"#141414\">\n<p><\/p>\n<\/div>\n\n\n\n<div class=\"wp-block-rayden-gutenberg-carousel swiper-container content-looped-carousel disable-drag\"><div class=\"swiper-wrapper\">\n<div class=\"swiper-slide\"><img decoding=\"async\" src=\"http:\/\/ino-100.com\/wp-content\/uploads\/2021\/09\/cropped-logo-bord-cadre.png\" alt=\"\" \/><\/div>\n\n\n\n<div class=\"swiper-slide\"><img decoding=\"async\" src=\"http:\/\/ino-100.com\/wp-content\/uploads\/2022\/02\/Gabarie-Pour-partner.png\" alt=\"\" \/><\/div>\n\n\n\n<div class=\"swiper-slide\"><img decoding=\"async\" src=\"http:\/\/ino-100.com\/wp-content\/uploads\/2022\/02\/atipik-2.png\" alt=\"\" \/><\/div>\n<\/div><\/div>\n<\/div>\n<\/div>\n\n\n\n<div class=\"wp-block-rayden-gutenberg-container row_padding_bottom\" style=\"background-color:transparent;text-align:left\"><\/div>\n\n\n\n<div class=\"wp-block-rayden-gutenberg-container full\" style=\"background-color:#ffffff;text-align:left\">\n<div class=\"wp-block-rayden-gutenberg-container white-section change-header-color row_padding_top row_padding_bottom\" style=\"background-color:transparent;text-align:left\">\n<div class=\"wp-block-columns is-layout-flex wp-container-core-columns-is-layout-14 wp-block-columns-is-layout-flex\">\n<div class=\"wp-block-column is-layout-flow wp-block-column-is-layout-flow\">\n<h2 class=\"has-mask wp-block-heading\" id=\"fondateur-gerant\">Fondateur &amp; G\u00e9rant<\/h2>\n\n\n\n<h4 class=\"wp-block-heading\" id=\"renuard-diego\">Renuard Diego <\/h4>\n\n\n\n<p>N\u00e9e en <strong>Belgique<\/strong>, \u00e0<strong> \u00e9tudi\u00e9 \u00e0 l&#8217;Acad\u00e9mie des Beaux-Arts<\/strong> de Tournai. Il cr\u00e9e INO-100, \u00e2g\u00e9 de 24 ans en 2021, alors qu&#8217;il \u00e9tais encore aux \u00e9tudes.  <\/p>\n<\/div>\n\n\n\n<div class=\"wp-block-column is-layout-flow wp-block-column-is-layout-flow\">\n<figure class=\"wp-block-image size-large\"><img loading=\"lazy\" decoding=\"async\" width=\"1024\" height=\"683\" src=\"https:\/\/ino-100.com\/wp-content\/uploads\/2022\/02\/DSC_0262-1024x683.jpg\" alt=\"\" class=\"wp-image-3667\" srcset=\"https:\/\/ino-100.com\/wp-content\/uploads\/2022\/02\/DSC_0262-1024x683.jpg 1024w, https:\/\/ino-100.com\/wp-content\/uploads\/2022\/02\/DSC_0262-300x200.jpg 300w, https:\/\/ino-100.com\/wp-content\/uploads\/2022\/02\/DSC_0262-768x512.jpg 768w, https:\/\/ino-100.com\/wp-content\/uploads\/2022\/02\/DSC_0262-1536x1024.jpg 1536w, https:\/\/ino-100.com\/wp-content\/uploads\/2022\/02\/DSC_0262-2048x1365.jpg 2048w\" sizes=\"(max-width: 1024px) 100vw, 1024px\" \/><\/figure>\n<\/div>\n<\/div>\n\n\n\n<div style=\"height:100px\" aria-hidden=\"true\" class=\"wp-block-spacer\"><\/div>\n\n\n\n<div class=\"wp-block-columns is-layout-flex wp-container-core-columns-is-layout-15 wp-block-columns-is-layout-flex\">\n<div class=\"wp-block-column is-layout-flow wp-block-column-is-layout-flow\">\n<h5 class=\"has-mask wp-block-heading\" id=\"promesses\">Promesses <\/h5>\n\n\n\n<hr class=\"white-line has-animation\">\n\n\n\n<p>Vous apportez <strong>une vision nouvelle<\/strong> &amp; sous un angle diff\u00e9rent<\/p>\n\n\n\n<p>Chercher \u00e0 toujours <strong>faire le meilleurs<\/strong> pour le projet \/ concept.<\/p>\n\n\n\n<p>Vous <strong>accompagn\u00e9<\/strong> au mieux dans la conception de vos projets. <\/p>\n<\/div>\n\n\n\n<div class=\"wp-block-column is-layout-flow wp-block-column-is-layout-flow\">\n<h5 class=\"has-mask wp-block-heading\" id=\"experiences\">Exp\u00e9riences<\/h5>\n\n\n\n<hr class=\"white-line has-animation\">\n\n\n\n<p class=\"has-animation\">Sortant de l&#8217;<strong>Acad\u00e9mie des Beaux-Arts<\/strong> de Tournai, apr\u00e8s avoir fait<strong> trois ans<\/strong> dans un master <strong>en Art Num\u00e9rique<\/strong> et changement d&#8217;orientation pour finalement obtenir un <strong>Master en Communication Visuelle<\/strong> avec deux sp\u00e9cialisation, l&#8217;une en Sc\u00e9nographie et l&#8217;autre en Design Engineering. <\/p>\n\n\n\n<p>Stagiaire \u00e0 plusieurs repris dans diff\u00e9rentes imprimeries et autres bo\u00eetes de graphismes, comme aussi dans le Mus\u00e9e des Beaux-Arts de Tournai.<\/p>\n<\/div>\n<\/div>\n<\/div>\n<\/div>\n\n\n\n<div class=\"wp-block-rayden-gutenberg-container full\" style=\"background-color:transparent;text-align:left\">\n<div class=\"wp-block-rayden-gutenberg-container row_padding_top row_padding_bottom dark-section small\" style=\"background-color:transparent;text-align:left\">\n<h5 class=\"has-text-align-center has-mask primary-color secondary-font wp-block-heading\" id=\"nos-clients\">Nos Clients<\/h5>\n\n\n\n<h1 class=\"has-text-align-center has-mask wp-block-heading\" id=\"nos-projets-les-plus-memorables\">Nos projets les plus m\u00e9morables.<\/h1>\n<\/div>\n<\/div>\n\n\n\n<div class=\"wp-block-rayden-gutenberg-container has-animation\" style=\"background-color:transparent;text-align:left\">\n<ul class=\"wp-block-rayden-gutenberg-clients clients-table\">\n<li class=\"link\"><img decoding=\"async\" src=\"http:\/\/ino-100.com\/wp-content\/uploads\/2022\/02\/visuel-sac-20x20-1.png\" alt=\"client image\" \/><\/li>\n\n\n\n<li class=\"link\"><img decoding=\"async\" src=\"http:\/\/ino-100.com\/wp-content\/uploads\/2022\/02\/logo-louis.png\" alt=\"client image\" \/><\/li>\n\n\n\n<li class=\"link\"><img decoding=\"async\" src=\"http:\/\/ino-100.com\/wp-content\/uploads\/2022\/02\/Gabarie-Pour-bon-projet.png\" alt=\"client image\" \/><\/li>\n\n\n\n<li class=\"link\"><img decoding=\"async\" src=\"http:\/\/ino-100.com\/wp-content\/uploads\/2022\/02\/Gabarie-Pour-bon-projet.png\" alt=\"client image\" \/><\/li>\n\n\n\n<li class=\"link\"><img decoding=\"async\" src=\"http:\/\/ino-100.com\/wp-content\/uploads\/2022\/02\/atipik-2.png\" alt=\"client image\" \/><\/li>\n\n\n\n<li class=\"link\"><img decoding=\"async\" src=\"http:\/\/ino-100.com\/wp-content\/uploads\/2022\/02\/vilamediteranea-1.png\" alt=\"client image\" \/><\/li>\n\n\n\n<li class=\"link\"><img decoding=\"async\" src=\"http:\/\/ino-100.com\/wp-content\/uploads\/2022\/02\/Gabarie-Pour-bon-projet.png\" alt=\"client image\" \/><\/li>\n\n\n\n<li class=\"link\"><img decoding=\"async\" src=\"http:\/\/ino-100.com\/wp-content\/uploads\/2022\/02\/Gabarie-Pour-bon-projet.png\" alt=\"client image\" \/><\/li>\n<\/ul>\n<\/div>\n\n\n\n<div style=\"height:35px\" aria-hidden=\"true\" class=\"wp-block-spacer\"><\/div>\n\n\n\n<div class=\"wp-block-columns is-layout-flex wp-container-core-columns-is-layout-16 wp-block-columns-is-layout-flex\">\n<div class=\"wp-block-column is-layout-flow wp-block-column-is-layout-flow\" style=\"flex-basis:100%\"><\/div>\n\n\n\n<div class=\"wp-block-column is-layout-flow wp-block-column-is-layout-flow\" style=\"flex-basis:100%\"><\/div>\n\n\n\n<div class=\"wp-block-column is-layout-flow wp-block-column-is-layout-flow\" style=\"flex-basis:100%\"><\/div>\n\n\n\n<div class=\"wp-block-column is-layout-flow wp-block-column-is-layout-flow\" style=\"flex-basis:100%\"><\/div>\n\n\n\n<div class=\"wp-block-column is-layout-flow wp-block-column-is-layout-flow\" style=\"flex-basis:100%\">\n<div class=\"button-wrap right disable-drag has-animation\" data-delay=\"350\"><div class=\"icon-wrap parallax-wrap\"><div class=\"button-icon parallax-element\"><i class=\"fa fa-angle-right\"><\/i><\/div><\/div><a target=\"_blank\" href=\"http:\/\/ino-100.com\/index.php\/clients\/\"><div class=\"button-text sticky right\"><span data-hover=\"Voir la page Clients \">Voir la page Clients <\/span><\/div><\/a><\/div>\n<\/div>\n<\/div>\n\n\n\n<p><\/p>\n","protected":false},"excerpt":{"rendered":"","protected":false},"author":1,"featured_media":0,"parent":0,"menu_order":0,"comment_status":"closed","ping_status":"closed","template":"","meta":{"footnotes":""},"_links":{"self":[{"href":"https:\/\/ino-100.com\/index.php\/wp-json\/wp\/v2\/pages\/3169"}],"collection":[{"href":"https:\/\/ino-100.com\/index.php\/wp-json\/wp\/v2\/pages"}],"about":[{"href":"https:\/\/ino-100.com\/index.php\/wp-json\/wp\/v2\/types\/page"}],"author":[{"embeddable":true,"href":"https:\/\/ino-100.com\/index.php\/wp-json\/wp\/v2\/users\/1"}],"replies":[{"embeddable":true,"href":"https:\/\/ino-100.com\/index.php\/wp-json\/wp\/v2\/comments?post=3169"}],"version-history":[{"count":135,"href":"https:\/\/ino-100.com\/index.php\/wp-json\/wp\/v2\/pages\/3169\/revisions"}],"predecessor-version":[{"id":4606,"href":"https:\/\/ino-100.com\/index.php\/wp-json\/wp\/v2\/pages\/3169\/revisions\/4606"}],"wp:attachment":[{"href":"https:\/\/ino-100.com\/index.php\/wp-json\/wp\/v2\/media?parent=3169"}],"curies":[{"name":"wp","href":"https:\/\/api.w.org\/{rel}","templated":true}]}}